{"id":585,"date":"2021-01-25T13:03:54","date_gmt":"2021-01-25T19:03:54","guid":{"rendered":"http:\/\/themazine.com\/thewp\/lebari\/?page_id=585"},"modified":"2022-01-05T11:11:04","modified_gmt":"2022-01-05T17:11:04","slug":"contacto","status":"publish","type":"page","link":"https:\/\/mayalatex.com\/certificaciones-mayalatex\/contacto\/","title":{"rendered":"Contacto"},"content":{"rendered":"\t\t<div data-elementor-type=\"wp-page\" data-elementor-id=\"585\" class=\"elementor elementor-585\">\n\t\t\t\t\t\t<section class=\"elementor-section elementor-top-section elementor-element elementor-element-2d93b2b elementor-section-full_width elementor-section-height-default elementor-section-height-default\" data-id=\"2d93b2b\" data-element_type=\"section\" data-e-type=\"section\">\n\t\t\t\t\t\t<div class=\"elementor-container elementor-column-gap-default\">\n\t\t\t\t\t<div class=\"elementor-column elementor-col-100 elementor-top-column elementor-element elementor-element-f094958\" data-id=\"f094958\" data-element_type=\"column\" data-e-type=\"column\">\n\t\t\t<div class=\"elementor-widget-wrap elementor-element-populated\">\n\t\t\t\t\t\t<div class=\"elementor-element elementor-element-c2f81c3 elementor-widget elementor-widget-lebari_contact_us_v2\" data-id=\"c2f81c3\" data-element_type=\"widget\" data-e-type=\"widget\" data-widget_type=\"lebari_contact_us_v2.default\">\n\t\t\t\t<div class=\"elementor-widget-container\">\n\t\t\t\t\t        \n        <!-- Contact Page Section -->\n        <section class=\"contact-page-section updated\">\n            <div class=\"pattern-layer-three\" style=\"background-image: url(https:\/\/mayalatex.com\/certificaciones-mayalatex\/wp-content\/themes\/lebari\/assets\/images\/icons\/icon-8.png)\"><\/div>            <div class=\"auto-container\">\n                <div class=\"row clearfix\">\n                    \n                    <!-- Info Column -->\n                    <div class=\"info-column col-lg-6 col-md-12 col-sm-12\">\n                        <div class=\"inner-column\">\n                            <div class=\"title\">CONT\u00c1CTANOS<\/div>\n                            <h2>Mayalatex Guatemala<\/h2>\n                            <div class=\"text\">Si quieres saber m\u00e1s acerca de nuestros cursos de Certificaciones o nuestros productos, por favor cont\u00e1ctanos: <\/div>\n                            <ul>\n                                                                <li><i class=\"icon flaticon-location-pin\"><\/i><span>Direccci\u00f3n<\/span>2 calle 5-05 zona 9, Guatemala<\/li>\n                                                                <li><i class=\"icon flaticon-phone-call\"><\/i><span>Tel\u00e9fono<\/span>(502) 2234-8556<\/li>\n                                                                <li><i class=\"icon flaticon-email\"><\/i><span>Email:<\/span>info@mayalatex.com<\/li>\n                                                                <li><i class=\"icon flaticon-time\"><\/i><span>Horario de atenci\u00f3n:<\/span>Lunes a viernes 8:00am a 5:00pm<\/li>\n                                                            <\/ul>\n                        <\/div>\n                    <\/div>\n                    \n                    <!-- Form Column -->\n                    <div class=\"form-column col-lg-6 col-md-12 col-sm-12\">\n                        <div class=\"inner-column\">\n                                                        <div class=\"circle-layer\"><\/div>\n                            <div class=\"pattern-layer-one\" style=\"background-image: url(https:\/\/mayalatex.com\/certificaciones-mayalatex\/wp-content\/themes\/lebari\/assets\/images\/icons\/icon-7.png)\"><\/div>\n                            <div class=\"pattern-layer-two\" style=\"background-image: url(https:\/\/mayalatex.com\/certificaciones-mayalatex\/wp-content\/themes\/lebari\/assets\/images\/icons\/icon-9.png)\"><\/div>\n                                                        \n                            <h2>Deja tu mensaje<\/h2>\n                            <div class=\"text\">Llena el siguiente formulario y nos estaremos comunicando de vuelta  lo antes posible.<\/div>\n                            \n                            <!-- Contact Form -->\n                            <div class=\"contact-form\">\n                                \n<div class=\"wpcf7 no-js\" id=\"wpcf7-f590-o1\" lang=\"en-US\" dir=\"ltr\" data-wpcf7-id=\"590\">\n<div class=\"screen-reader-response\"><p role=\"status\" aria-live=\"polite\" aria-atomic=\"true\"><\/p> <ul><\/ul><\/div>\n<form action=\"\/certificaciones-mayalatex\/wp-json\/wp\/v2\/pages\/585#wpcf7-f590-o1\" method=\"post\" class=\"wpcf7-form init\" aria-label=\"Contact form\" novalidate=\"novalidate\" data-status=\"init\">\n<fieldset class=\"hidden-fields-container\"><input type=\"hidden\" name=\"_wpcf7\" value=\"590\" \/><input type=\"hidden\" name=\"_wpcf7_version\" value=\"6.1.5\" \/><input type=\"hidden\" name=\"_wpcf7_locale\" value=\"en_US\" \/><input type=\"hidden\" name=\"_wpcf7_unit_tag\" value=\"wpcf7-f590-o1\" \/><input type=\"hidden\" name=\"_wpcf7_container_post\" value=\"0\" \/><input type=\"hidden\" name=\"_wpcf7_posted_data_hash\" value=\"\" \/><input type=\"hidden\" name=\"_wpcf7_recaptcha_response\" value=\"\" \/>\n<\/fieldset>\n<div class=\"form-group\">\n\t<p><span class=\"wpcf7-form-control-wrap\" data-name=\"text-502\"><input size=\"40\" maxlength=\"400\" class=\"wpcf7-form-control wpcf7-text wpcf7-validates-as-required\" aria-required=\"true\" aria-invalid=\"false\" placeholder=\"Nombre\" value=\"\" type=\"text\" name=\"text-502\" \/><\/span>\n\t<\/p>\n<\/div>\n<div class=\"form-group\">\n\t<p><span class=\"wpcf7-form-control-wrap\" data-name=\"email-724\"><input size=\"40\" maxlength=\"400\" class=\"wpcf7-form-control wpcf7-email wpcf7-validates-as-required wpcf7-text wpcf7-validates-as-email\" aria-required=\"true\" aria-invalid=\"false\" placeholder=\"Email\" value=\"\" type=\"email\" name=\"email-724\" \/><\/span>\n\t<\/p>\n<\/div>\n<div class=\"form-group\">\n\t<p><span class=\"wpcf7-form-control-wrap\" data-name=\"text-503\"><input size=\"40\" maxlength=\"400\" class=\"wpcf7-form-control wpcf7-text wpcf7-validates-as-required\" aria-required=\"true\" aria-invalid=\"false\" placeholder=\"Tel\u00e9fono\" value=\"\" type=\"text\" name=\"text-503\" \/><\/span>\n\t<\/p>\n<\/div>\n<div class=\"form-group\">\n\t<p><span class=\"wpcf7-form-control-wrap\" data-name=\"textarea-351\"><textarea cols=\"40\" rows=\"10\" maxlength=\"2000\" class=\"wpcf7-form-control wpcf7-textarea wpcf7-validates-as-required\" aria-required=\"true\" aria-invalid=\"false\" placeholder=\"Mensaje...\" name=\"textarea-351\"><\/textarea><\/span>\n\t<\/p>\n<\/div>\n<div class=\"form-group\">\n\t<p><button class=\"theme-btn btn-style-five\" type=\"submit\" name=\"submit-form\">Enviar<\/button>\n\t<\/p>\n<\/div><p style=\"display: none !important;\" class=\"akismet-fields-container\" data-prefix=\"_wpcf7_ak_\"><label>&#916;<textarea name=\"_wpcf7_ak_hp_textarea\" cols=\"45\" rows=\"8\" maxlength=\"100\"><\/textarea><\/label><input type=\"hidden\" id=\"ak_js_1\" name=\"_wpcf7_ak_js\" value=\"120\"\/><script type=\"text\/javascript\">\n\/* <![CDATA[ *\/\ndocument.getElementById( \"ak_js_1\" ).setAttribute( \"value\", ( new Date() ).getTime() );\n\/* ]]> *\/\n<\/script>\n<\/p><div class=\"wpcf7-response-output\" aria-hidden=\"true\"><\/div>\n<\/form>\n<\/div>\n                            <\/div>\n                                \n                        <\/div>\n                            \n                        <\/div>\n                    \n                <\/div>\n            <\/div>\n        <\/section>\n        <!-- End Contact Page Section -->\n        \n\t\t\t\t\t\t<\/div>\n\t\t\t\t<\/div>\n\t\t\t\t\t<\/div>\n\t\t<\/div>\n\t\t\t\t\t<\/div>\n\t\t<\/section>\n\t\t\t\t<\/div>\n\t\t","protected":false},"excerpt":{"rendered":"<p>CONT\u00c1CTANOS Mayalatex Guatemala Si quieres saber m\u00e1s acerca de nuestros cursos de Certificaciones o nuestros productos, por favor cont\u00e1ctanos: Direccci\u00f3n2 calle 5-05 zona 9, Guatemala Tel\u00e9fono(502) 2234-8556 Email:info@mayalatex.com Horario de atenci\u00f3n:Lunes a viernes 8:00am a 5:00pm Deja tu mensaje Llena el siguiente formulario y nos estaremos comunicando de vuelta lo antes posible. Send Message<\/p>\n","protected":false},"author":1,"featured_media":0,"parent":0,"menu_order":0,"comment_status":"closed","ping_status":"closed","template":"tpl-default-elementor.php","meta":{"footnotes":""},"class_list":["post-585","page","type-page","status-publish","hentry"],"_links":{"self":[{"href":"https:\/\/mayalatex.com\/certificaciones-mayalatex\/wp-json\/wp\/v2\/pages\/585","targetHints":{"allow":["GET"]}}],"collection":[{"href":"https:\/\/mayalatex.com\/certificaciones-mayalatex\/wp-json\/wp\/v2\/pages"}],"about":[{"href":"https:\/\/mayalatex.com\/certificaciones-mayalatex\/wp-json\/wp\/v2\/types\/page"}],"author":[{"embeddable":true,"href":"https:\/\/mayalatex.com\/certificaciones-mayalatex\/wp-json\/wp\/v2\/users\/1"}],"replies":[{"embeddable":true,"href":"https:\/\/mayalatex.com\/certificaciones-mayalatex\/wp-json\/wp\/v2\/comments?post=585"}],"version-history":[{"count":1,"href":"https:\/\/mayalatex.com\/certificaciones-mayalatex\/wp-json\/wp\/v2\/pages\/585\/revisions"}],"predecessor-version":[{"id":2162,"href":"https:\/\/mayalatex.com\/certificaciones-mayalatex\/wp-json\/wp\/v2\/pages\/585\/revisions\/2162"}],"wp:attachment":[{"href":"https:\/\/mayalatex.com\/certificaciones-mayalatex\/wp-json\/wp\/v2\/media?parent=585"}],"curies":[{"name":"wp","href":"https:\/\/api.w.org\/{rel}","templated":true}]}}