{"id":2772,"date":"2022-07-30T11:57:47","date_gmt":"2022-07-30T17:57:47","guid":{"rendered":"https:\/\/mayalatex.com\/certificaciones-mayalatex\/?page_id=2772"},"modified":"2022-07-30T12:24:54","modified_gmt":"2022-07-30T18:24:54","slug":"creaciones-y-disenos","status":"publish","type":"page","link":"https:\/\/mayalatex.com\/certificaciones-mayalatex\/creaciones-y-disenos\/","title":{"rendered":"Creaciones y Dise\u00f1os"},"content":{"rendered":"\t\t<div data-elementor-type=\"wp-page\" data-elementor-id=\"2772\" class=\"elementor elementor-2772\">\n\t\t\t\t\t\t<section class=\"elementor-section elementor-top-section elementor-element elementor-element-e18fe9b elementor-section-boxed elementor-section-height-default elementor-section-height-default\" data-id=\"e18fe9b\" data-element_type=\"section\" data-e-type=\"section\">\n\t\t\t\t\t\t<div class=\"elementor-container elementor-column-gap-default\">\n\t\t\t\t\t<div class=\"elementor-column elementor-col-100 elementor-top-column elementor-element elementor-element-d3786c8\" data-id=\"d3786c8\" data-element_type=\"column\" data-e-type=\"column\">\n\t\t\t<div class=\"elementor-widget-wrap elementor-element-populated\">\n\t\t\t\t\t\t<div class=\"elementor-element elementor-element-ff0d5ae elementor-widget elementor-widget-justified-image-grid-elementor-widget\" data-id=\"ff0d5ae\" data-element_type=\"widget\" data-e-type=\"widget\" data-widget_type=\"justified-image-grid-elementor-widget.default\">\n\t\t\t\t<div class=\"elementor-widget-container\">\n\t\t\t\t\t<div id=\"jig1\" class=\"justified-image-grid jig-b1c685bf00619f7b5b19cc33c390f2eb jig-preset-global jig-source-wp-gallery jig-id-2781\"><div class=\"jig-clearfix\"><\/div><noscript id=\"jig1-html\" class=\"justified-image-grid-html\" data-lazy-src=\"skiplazyload\" data-src=\"skipunveillazyload\"><ul><li><a href=\"https:\/\/mayalatex.com\/certificaciones-mayalatex\/wp-content\/uploads\/2022\/07\/CHIMBOMBAS-ARTES-Y-DECORACIONES-2.jpeg\"><img fetchpriority=\"high\" decoding=\"async\" src=\"https:\/\/mayalatex.com\/certificaciones-mayalatex\/wp-content\/plugins\/justified-image-grid\/timthumb.php?src=https%3A%2F%2Fmayalatex.com%2Fcertificaciones-mayalatex%2Fwp-content%2Fuploads%2F2022%2F07%2FCHIMBOMBAS-ARTES-Y-DECORACIONES-2.jpeg&amp;h=230&amp;q=90&amp;f=.jpeg\" alt=\"Chimbombas Artes y Decoraciones\" width=\"306\" height=\"230\" \/><\/a><p class=\"jig-HTMLdescription\">Chimbombas Artes y Decoraciones<\/p><\/li><li><a href=\"https:\/\/mayalatex.com\/certificaciones-mayalatex\/wp-content\/uploads\/2022\/07\/CHIMBOMBAS-ARTES-Y-DECORACIONES.jpeg\"><img decoding=\"async\" src=\"https:\/\/mayalatex.com\/certificaciones-mayalatex\/wp-content\/plugins\/justified-image-grid\/timthumb.php?src=https%3A%2F%2Fmayalatex.com%2Fcertificaciones-mayalatex%2Fwp-content%2Fuploads%2F2022%2F07%2FCHIMBOMBAS-ARTES-Y-DECORACIONES.jpeg&amp;h=230&amp;q=90&amp;f=.jpeg\" alt=\"Chimbombas Artes y Decoraciones\" width=\"386\" height=\"230\" \/><\/a><p class=\"jig-HTMLdescription\">Chimbombas Artes y Decoraciones<\/p><\/li><li><a href=\"https:\/\/mayalatex.com\/certificaciones-mayalatex\/wp-content\/uploads\/2022\/07\/CRISTIAN-DIAZ.jpeg\"><img decoding=\"async\" src=\"https:\/\/mayalatex.com\/certificaciones-mayalatex\/wp-content\/plugins\/justified-image-grid\/timthumb.php?src=https%3A%2F%2Fmayalatex.com%2Fcertificaciones-mayalatex%2Fwp-content%2Fuploads%2F2022%2F07%2FCRISTIAN-DIAZ.jpeg&amp;h=230&amp;q=90&amp;f=.jpeg\" alt=\"Cristian D\u00edaz\" width=\"172\" height=\"230\" \/><\/a><p class=\"jig-HTMLdescription\">Cristian D\u00edaz<\/p><\/li><li><a href=\"https:\/\/mayalatex.com\/certificaciones-mayalatex\/wp-content\/uploads\/2022\/07\/HOMBRE-GLOBO-GT.jpeg\"><img loading=\"lazy\" decoding=\"async\" src=\"https:\/\/mayalatex.com\/certificaciones-mayalatex\/wp-content\/plugins\/justified-image-grid\/timthumb.php?src=https%3A%2F%2Fmayalatex.com%2Fcertificaciones-mayalatex%2Fwp-content%2Fuploads%2F2022%2F07%2FHOMBRE-GLOBO-GT.jpeg&amp;h=230&amp;q=90&amp;f=.jpeg\" alt=\"Hombre Globo\" width=\"126\" height=\"230\" \/><\/a><p class=\"jig-HTMLdescription\">Hombre Globo<\/p><\/li><li><a href=\"https:\/\/mayalatex.com\/certificaciones-mayalatex\/wp-content\/uploads\/2022\/07\/ILSY-PAZ-2.jpeg\"><img loading=\"lazy\" decoding=\"async\" src=\"https:\/\/mayalatex.com\/certificaciones-mayalatex\/wp-content\/plugins\/justified-image-grid\/timthumb.php?src=https%3A%2F%2Fmayalatex.com%2Fcertificaciones-mayalatex%2Fwp-content%2Fuploads%2F2022%2F07%2FILSY-PAZ-2.jpeg&amp;h=230&amp;q=90&amp;f=.jpeg\" alt=\"Ilsy Paz\" width=\"172\" height=\"230\" \/><\/a><p class=\"jig-HTMLdescription\">Ilsy Paz<\/p><\/li><li><a href=\"https:\/\/mayalatex.com\/certificaciones-mayalatex\/wp-content\/uploads\/2022\/07\/ILSY-PAZ-3.jpeg\"><img loading=\"lazy\" decoding=\"async\" src=\"https:\/\/mayalatex.com\/certificaciones-mayalatex\/wp-content\/plugins\/justified-image-grid\/timthumb.php?src=https%3A%2F%2Fmayalatex.com%2Fcertificaciones-mayalatex%2Fwp-content%2Fuploads%2F2022%2F07%2FILSY-PAZ-3.jpeg&amp;h=230&amp;q=90&amp;f=.jpeg\" alt=\"Ilsy Paz\" width=\"172\" height=\"230\" \/><\/a><p class=\"jig-HTMLdescription\">Ilsy Paz<\/p><\/li><li><a href=\"https:\/\/mayalatex.com\/certificaciones-mayalatex\/wp-content\/uploads\/2022\/07\/ILSY-PAZ-4.jpeg\"><img loading=\"lazy\" decoding=\"async\" src=\"https:\/\/mayalatex.com\/certificaciones-mayalatex\/wp-content\/plugins\/justified-image-grid\/timthumb.php?src=https%3A%2F%2Fmayalatex.com%2Fcertificaciones-mayalatex%2Fwp-content%2Fuploads%2F2022%2F07%2FILSY-PAZ-4.jpeg&amp;h=230&amp;q=90&amp;f=.jpeg\" alt=\"Ilsy Paz\" width=\"172\" height=\"230\" \/><\/a><p class=\"jig-HTMLdescription\">Ilsy Paz<\/p><\/li><li><a href=\"https:\/\/mayalatex.com\/certificaciones-mayalatex\/wp-content\/uploads\/2022\/07\/ILSY-PAZ-5.jpeg\"><img loading=\"lazy\" decoding=\"async\" src=\"https:\/\/mayalatex.com\/certificaciones-mayalatex\/wp-content\/plugins\/justified-image-grid\/timthumb.php?src=https%3A%2F%2Fmayalatex.com%2Fcertificaciones-mayalatex%2Fwp-content%2Fuploads%2F2022%2F07%2FILSY-PAZ-5.jpeg&amp;h=230&amp;q=90&amp;f=.jpeg\" alt=\"Ilsy Paz\" width=\"172\" height=\"230\" \/><\/a><p class=\"jig-HTMLdescription\">Ilsy Paz<\/p><\/li><li><a href=\"https:\/\/mayalatex.com\/certificaciones-mayalatex\/wp-content\/uploads\/2022\/07\/ILSY-PAZ-6.jpeg\"><img loading=\"lazy\" decoding=\"async\" src=\"https:\/\/mayalatex.com\/certificaciones-mayalatex\/wp-content\/plugins\/justified-image-grid\/timthumb.php?src=https%3A%2F%2Fmayalatex.com%2Fcertificaciones-mayalatex%2Fwp-content%2Fuploads%2F2022%2F07%2FILSY-PAZ-6.jpeg&amp;h=230&amp;q=90&amp;f=.jpeg\" alt=\"Ilsy Paz\" width=\"172\" height=\"230\" \/><\/a><p class=\"jig-HTMLdescription\">Ilsy Paz<\/p><\/li><li><a href=\"https:\/\/mayalatex.com\/certificaciones-mayalatex\/wp-content\/uploads\/2022\/07\/ILSY-PAZ-7.jpeg\"><img loading=\"lazy\" decoding=\"async\" src=\"https:\/\/mayalatex.com\/certificaciones-mayalatex\/wp-content\/plugins\/justified-image-grid\/timthumb.php?src=https%3A%2F%2Fmayalatex.com%2Fcertificaciones-mayalatex%2Fwp-content%2Fuploads%2F2022%2F07%2FILSY-PAZ-7.jpeg&amp;h=230&amp;q=90&amp;f=.jpeg\" alt=\"Ilsy Paz\" width=\"172\" height=\"230\" \/><\/a><p class=\"jig-HTMLdescription\">Ilsy Paz<\/p><\/li><li><a href=\"https:\/\/mayalatex.com\/certificaciones-mayalatex\/wp-content\/uploads\/2022\/07\/ILSY-PAZ-8.jpeg\"><img loading=\"lazy\" decoding=\"async\" src=\"https:\/\/mayalatex.com\/certificaciones-mayalatex\/wp-content\/plugins\/justified-image-grid\/timthumb.php?src=https%3A%2F%2Fmayalatex.com%2Fcertificaciones-mayalatex%2Fwp-content%2Fuploads%2F2022%2F07%2FILSY-PAZ-8.jpeg&amp;h=230&amp;q=90&amp;f=.jpeg\" alt=\"Ilsy Paz\" width=\"172\" height=\"230\" \/><\/a><p class=\"jig-HTMLdescription\">Ilsy Paz<\/p><\/li><li><a href=\"https:\/\/mayalatex.com\/certificaciones-mayalatex\/wp-content\/uploads\/2022\/07\/ILSY-PAZ-9.jpeg\"><img loading=\"lazy\" decoding=\"async\" src=\"https:\/\/mayalatex.com\/certificaciones-mayalatex\/wp-content\/plugins\/justified-image-grid\/timthumb.php?src=https%3A%2F%2Fmayalatex.com%2Fcertificaciones-mayalatex%2Fwp-content%2Fuploads%2F2022%2F07%2FILSY-PAZ-9.jpeg&amp;h=230&amp;q=90&amp;f=.jpeg\" alt=\"Ilsy Paz\" width=\"172\" height=\"230\" \/><\/a><p class=\"jig-HTMLdescription\">Ilsy Paz<\/p><\/li><li><a href=\"https:\/\/mayalatex.com\/certificaciones-mayalatex\/wp-content\/uploads\/2022\/07\/ILSY-PAZ-10.jpeg\"><img loading=\"lazy\" decoding=\"async\" src=\"https:\/\/mayalatex.com\/certificaciones-mayalatex\/wp-content\/plugins\/justified-image-grid\/timthumb.php?src=https%3A%2F%2Fmayalatex.com%2Fcertificaciones-mayalatex%2Fwp-content%2Fuploads%2F2022%2F07%2FILSY-PAZ-10.jpeg&amp;h=230&amp;q=90&amp;f=.jpeg\" alt=\"Ilsy Paz\" width=\"178\" height=\"230\" \/><\/a><p class=\"jig-HTMLdescription\">Ilsy Paz<\/p><\/li><li><a href=\"https:\/\/mayalatex.com\/certificaciones-mayalatex\/wp-content\/uploads\/2022\/07\/ILSY-PAZ-11.jpeg\"><img loading=\"lazy\" decoding=\"async\" src=\"https:\/\/mayalatex.com\/certificaciones-mayalatex\/wp-content\/plugins\/justified-image-grid\/timthumb.php?src=https%3A%2F%2Fmayalatex.com%2Fcertificaciones-mayalatex%2Fwp-content%2Fuploads%2F2022%2F07%2FILSY-PAZ-11.jpeg&amp;h=230&amp;q=90&amp;f=.jpeg\" alt=\"Ilsy Paz\" width=\"172\" height=\"230\" \/><\/a><p class=\"jig-HTMLdescription\">Ilsy Paz<\/p><\/li><li><a href=\"https:\/\/mayalatex.com\/certificaciones-mayalatex\/wp-content\/uploads\/2022\/07\/ILSY-PAZ-12.jpeg\"><img loading=\"lazy\" decoding=\"async\" src=\"https:\/\/mayalatex.com\/certificaciones-mayalatex\/wp-content\/plugins\/justified-image-grid\/timthumb.php?src=https%3A%2F%2Fmayalatex.com%2Fcertificaciones-mayalatex%2Fwp-content%2Fuploads%2F2022%2F07%2FILSY-PAZ-12.jpeg&amp;h=230&amp;q=90&amp;f=.jpeg\" alt=\"Ilsy Paz\" width=\"172\" height=\"230\" \/><\/a><p class=\"jig-HTMLdescription\">Ilsy Paz<\/p><\/li><li><a href=\"https:\/\/mayalatex.com\/certificaciones-mayalatex\/wp-content\/uploads\/2022\/07\/ILSY-PAZ.jpeg\"><img loading=\"lazy\" decoding=\"async\" src=\"https:\/\/mayalatex.com\/certificaciones-mayalatex\/wp-content\/plugins\/justified-image-grid\/timthumb.php?src=https%3A%2F%2Fmayalatex.com%2Fcertificaciones-mayalatex%2Fwp-content%2Fuploads%2F2022%2F07%2FILSY-PAZ.jpeg&amp;h=230&amp;q=90&amp;f=.jpeg\" alt=\"Ilsy Paz\" width=\"191\" height=\"230\" \/><\/a><p class=\"jig-HTMLdescription\">Ilsy Paz<\/p><\/li><li><a href=\"https:\/\/mayalatex.com\/certificaciones-mayalatex\/wp-content\/uploads\/2022\/07\/JAIME-RODAS.jpeg\"><img loading=\"lazy\" decoding=\"async\" src=\"https:\/\/mayalatex.com\/certificaciones-mayalatex\/wp-content\/plugins\/justified-image-grid\/timthumb.php?src=https%3A%2F%2Fmayalatex.com%2Fcertificaciones-mayalatex%2Fwp-content%2Fuploads%2F2022%2F07%2FJAIME-RODAS.jpeg&amp;h=230&amp;q=90&amp;f=.jpeg\" alt=\"Jaime Rodas\" width=\"230\" height=\"230\" \/><\/a><p class=\"jig-HTMLdescription\">Jaime Rodas<\/p><\/li><li><a href=\"https:\/\/mayalatex.com\/certificaciones-mayalatex\/wp-content\/uploads\/2022\/07\/KATIA-BALDIZaN-2-819x1024.jpeg\"><img loading=\"lazy\" decoding=\"async\" src=\"https:\/\/mayalatex.com\/certificaciones-mayalatex\/wp-content\/plugins\/justified-image-grid\/timthumb.php?src=https%3A%2F%2Fmayalatex.com%2Fcertificaciones-mayalatex%2Fwp-content%2Fuploads%2F2022%2F07%2FKATIA-BALDIZaN-2-819x1024.jpeg&amp;h=230&amp;q=90&amp;f=.jpeg\" alt=\"Katia Baldiz\u00e1n\" width=\"183\" height=\"230\" \/><\/a><p class=\"jig-HTMLdescription\">Katia Baldiz\u00e1n<\/p><\/li><li><a href=\"https:\/\/mayalatex.com\/certificaciones-mayalatex\/wp-content\/uploads\/2022\/07\/KATIA-BALDIZaN-3-576x1024.jpeg\"><img loading=\"lazy\" decoding=\"async\" src=\"https:\/\/mayalatex.com\/certificaciones-mayalatex\/wp-content\/plugins\/justified-image-grid\/timthumb.php?src=https%3A%2F%2Fmayalatex.com%2Fcertificaciones-mayalatex%2Fwp-content%2Fuploads%2F2022%2F07%2FKATIA-BALDIZaN-3-576x1024.jpeg&amp;h=230&amp;q=90&amp;f=.jpeg\" alt=\"Katia Baldiz\u00e1n\" width=\"129\" height=\"230\" \/><\/a><p class=\"jig-HTMLdescription\">Katia Baldiz\u00e1n<\/p><\/li><li><a href=\"https:\/\/mayalatex.com\/certificaciones-mayalatex\/wp-content\/uploads\/2022\/07\/KATIA-BALDIZaN-4-768x1024.jpeg\"><img loading=\"lazy\" decoding=\"async\" src=\"https:\/\/mayalatex.com\/certificaciones-mayalatex\/wp-content\/plugins\/justified-image-grid\/timthumb.php?src=https%3A%2F%2Fmayalatex.com%2Fcertificaciones-mayalatex%2Fwp-content%2Fuploads%2F2022%2F07%2FKATIA-BALDIZaN-4-768x1024.jpeg&amp;h=230&amp;q=90&amp;f=.jpeg\" alt=\"Katia Baldiz\u00e1n\" width=\"172\" height=\"230\" \/><\/a><p class=\"jig-HTMLdescription\">Katia Baldiz\u00e1n<\/p><\/li><li><a href=\"https:\/\/mayalatex.com\/certificaciones-mayalatex\/wp-content\/uploads\/2022\/07\/KATIA-BALDIZaN-5-766x1024.jpeg\"><img loading=\"lazy\" decoding=\"async\" src=\"https:\/\/mayalatex.com\/certificaciones-mayalatex\/wp-content\/plugins\/justified-image-grid\/timthumb.php?src=https%3A%2F%2Fmayalatex.com%2Fcertificaciones-mayalatex%2Fwp-content%2Fuploads%2F2022%2F07%2FKATIA-BALDIZaN-5-766x1024.jpeg&amp;h=230&amp;q=90&amp;f=.jpeg\" alt=\"Katia Baldiz\u00e1n\" width=\"172\" height=\"230\" \/><\/a><p class=\"jig-HTMLdescription\">Katia Baldiz\u00e1n<\/p><\/li><li><a href=\"https:\/\/mayalatex.com\/certificaciones-mayalatex\/wp-content\/uploads\/2022\/07\/KATIA-BALDIZaN-819x1024.jpeg\"><img loading=\"lazy\" decoding=\"async\" src=\"https:\/\/mayalatex.com\/certificaciones-mayalatex\/wp-content\/plugins\/justified-image-grid\/timthumb.php?src=https%3A%2F%2Fmayalatex.com%2Fcertificaciones-mayalatex%2Fwp-content%2Fuploads%2F2022%2F07%2FKATIA-BALDIZaN-819x1024.jpeg&amp;h=230&amp;q=90&amp;f=.jpeg\" alt=\"Katia Baldiz\u00e1n\" width=\"183\" height=\"230\" \/><\/a><p class=\"jig-HTMLdescription\">Katia Baldiz\u00e1n<\/p><\/li><li><a href=\"https:\/\/mayalatex.com\/certificaciones-mayalatex\/wp-content\/uploads\/2022\/07\/MARIA-ALEJANDRA-ESCOBAR-1018x1024.jpeg\"><img loading=\"lazy\" decoding=\"async\" src=\"https:\/\/mayalatex.com\/certificaciones-mayalatex\/wp-content\/plugins\/justified-image-grid\/timthumb.php?src=https%3A%2F%2Fmayalatex.com%2Fcertificaciones-mayalatex%2Fwp-content%2Fuploads%2F2022%2F07%2FMARIA-ALEJANDRA-ESCOBAR-1018x1024.jpeg&amp;h=230&amp;q=90&amp;f=.jpeg\" alt=\"Mar\u00eda Alejandra Escobar\" width=\"228\" height=\"230\" \/><\/a><p class=\"jig-HTMLdescription\">Mar\u00eda Alejandra Escobar<\/p><\/li><li><a href=\"https:\/\/mayalatex.com\/certificaciones-mayalatex\/wp-content\/uploads\/2022\/07\/OSCAR-LARGAESPADA.jpeg\"><img loading=\"lazy\" decoding=\"async\" src=\"https:\/\/mayalatex.com\/certificaciones-mayalatex\/wp-content\/plugins\/justified-image-grid\/timthumb.php?src=https%3A%2F%2Fmayalatex.com%2Fcertificaciones-mayalatex%2Fwp-content%2Fuploads%2F2022%2F07%2FOSCAR-LARGAESPADA.jpeg&amp;h=230&amp;q=90&amp;f=.jpeg\" alt=\"Oscar Largaespada\" width=\"175\" height=\"230\" \/><\/a><p class=\"jig-HTMLdescription\">Oscar Largaespada<\/p><\/li><li><a href=\"https:\/\/mayalatex.com\/certificaciones-mayalatex\/wp-content\/uploads\/2022\/07\/PARTY-BALLONS.jpeg\"><img loading=\"lazy\" decoding=\"async\" src=\"https:\/\/mayalatex.com\/certificaciones-mayalatex\/wp-content\/plugins\/justified-image-grid\/timthumb.php?src=https%3A%2F%2Fmayalatex.com%2Fcertificaciones-mayalatex%2Fwp-content%2Fuploads%2F2022%2F07%2FPARTY-BALLONS.jpeg&amp;h=230&amp;q=90&amp;f=.jpeg\" alt=\"Party Balloons\" width=\"307\" height=\"230\" \/><\/a><p class=\"jig-HTMLdescription\">Party Balloons<\/p><\/li><li><a href=\"https:\/\/mayalatex.com\/certificaciones-mayalatex\/wp-content\/uploads\/2022\/07\/PARTY-BALLOONS-2.jpeg\"><img loading=\"lazy\" decoding=\"async\" src=\"https:\/\/mayalatex.com\/certificaciones-mayalatex\/wp-content\/plugins\/justified-image-grid\/timthumb.php?src=https%3A%2F%2Fmayalatex.com%2Fcertificaciones-mayalatex%2Fwp-content%2Fuploads%2F2022%2F07%2FPARTY-BALLOONS-2.jpeg&amp;h=230&amp;q=90&amp;f=.jpeg\" alt=\"Party Balloons\" width=\"172\" height=\"230\" \/><\/a><p class=\"jig-HTMLdescription\">Party Balloons<\/p><\/li><li><a href=\"https:\/\/mayalatex.com\/certificaciones-mayalatex\/wp-content\/uploads\/2022\/07\/PARTY-BALLOONS-3.jpeg\"><img loading=\"lazy\" decoding=\"async\" src=\"https:\/\/mayalatex.com\/certificaciones-mayalatex\/wp-content\/plugins\/justified-image-grid\/timthumb.php?src=https%3A%2F%2Fmayalatex.com%2Fcertificaciones-mayalatex%2Fwp-content%2Fuploads%2F2022%2F07%2FPARTY-BALLOONS-3.jpeg&amp;h=230&amp;q=90&amp;f=.jpeg\" alt=\"Party Balloons\" width=\"230\" height=\"230\" \/><\/a><p class=\"jig-HTMLdescription\">Party Balloons<\/p><\/li><li><a href=\"https:\/\/mayalatex.com\/certificaciones-mayalatex\/wp-content\/uploads\/2022\/07\/PARTY-BALLOONS.jpeg\"><img loading=\"lazy\" decoding=\"async\" src=\"https:\/\/mayalatex.com\/certificaciones-mayalatex\/wp-content\/plugins\/justified-image-grid\/timthumb.php?src=https%3A%2F%2Fmayalatex.com%2Fcertificaciones-mayalatex%2Fwp-content%2Fuploads%2F2022%2F07%2FPARTY-BALLOONS.jpeg&amp;h=230&amp;q=90&amp;f=.jpeg\" alt=\"Party Balloons\" width=\"329\" height=\"230\" \/><\/a><p class=\"jig-HTMLdescription\">Party Balloons<\/p><\/li><li><a href=\"https:\/\/mayalatex.com\/certificaciones-mayalatex\/wp-content\/uploads\/2022\/07\/PARTY-VINYL-GT.jpeg\"><img loading=\"lazy\" decoding=\"async\" src=\"https:\/\/mayalatex.com\/certificaciones-mayalatex\/wp-content\/plugins\/justified-image-grid\/timthumb.php?src=https%3A%2F%2Fmayalatex.com%2Fcertificaciones-mayalatex%2Fwp-content%2Fuploads%2F2022%2F07%2FPARTY-VINYL-GT.jpeg&amp;h=230&amp;q=90&amp;f=.jpeg\" alt=\"Party Vinyl GT\" width=\"230\" height=\"230\" \/><\/a><p class=\"jig-HTMLdescription\">Party Vinyl GT<\/p><\/li><li><a href=\"https:\/\/mayalatex.com\/certificaciones-mayalatex\/wp-content\/uploads\/2022\/08\/confettigt01.jpeg\" title=\"confettigt01\"><img loading=\"lazy\" decoding=\"async\" src=\"https:\/\/mayalatex.com\/certificaciones-mayalatex\/wp-content\/plugins\/justified-image-grid\/timthumb.php?src=https%3A%2F%2Fmayalatex.com%2Fcertificaciones-mayalatex%2Fwp-content%2Fuploads%2F2022%2F08%2Fconfettigt01.jpeg&amp;h=230&amp;q=90&amp;f=.jpeg\" alt=\"ConfettiGT\" width=\"172\" height=\"230\" \/><\/a><p class=\"jig-HTMLdescription\">ConfettiGT<br\/>confettigt01<\/p><\/li><li><a href=\"https:\/\/mayalatex.com\/certificaciones-mayalatex\/wp-content\/uploads\/2022\/08\/confettigt02.jpeg\" title=\"confettigt02\"><img loading=\"lazy\" decoding=\"async\" src=\"https:\/\/mayalatex.com\/certificaciones-mayalatex\/wp-content\/plugins\/justified-image-grid\/timthumb.php?src=https%3A%2F%2Fmayalatex.com%2Fcertificaciones-mayalatex%2Fwp-content%2Fuploads%2F2022%2F08%2Fconfettigt02.jpeg&amp;h=230&amp;q=90&amp;f=.jpeg\" alt=\"ConfettiGT\" width=\"306\" height=\"230\" \/><\/a><p class=\"jig-HTMLdescription\">ConfettiGT<br\/>confettigt02<\/p><\/li><li><a href=\"https:\/\/mayalatex.com\/certificaciones-mayalatex\/wp-content\/uploads\/2022\/08\/confettigt03.jpeg\" title=\"confettigt03\"><img loading=\"lazy\" decoding=\"async\" src=\"https:\/\/mayalatex.com\/certificaciones-mayalatex\/wp-content\/plugins\/justified-image-grid\/timthumb.php?src=https%3A%2F%2Fmayalatex.com%2Fcertificaciones-mayalatex%2Fwp-content%2Fuploads%2F2022%2F08%2Fconfettigt03.jpeg&amp;h=230&amp;q=90&amp;f=.jpeg\" alt=\"ConfettiGT\" width=\"172\" height=\"230\" \/><\/a><p class=\"jig-HTMLdescription\">ConfettiGT<br\/>confettigt03<\/p><\/li><li><a href=\"https:\/\/mayalatex.com\/certificaciones-mayalatex\/wp-content\/uploads\/2022\/08\/confettigt04.jpeg\" title=\"confettigt04\"><img loading=\"lazy\" decoding=\"async\" src=\"https:\/\/mayalatex.com\/certificaciones-mayalatex\/wp-content\/plugins\/justified-image-grid\/timthumb.php?src=https%3A%2F%2Fmayalatex.com%2Fcertificaciones-mayalatex%2Fwp-content%2Fuploads%2F2022%2F08%2Fconfettigt04.jpeg&amp;h=230&amp;q=90&amp;f=.jpeg\" alt=\"ConfettiGT\" width=\"172\" height=\"230\" \/><\/a><p class=\"jig-HTMLdescription\">ConfettiGT<br\/>confettigt04<\/p><\/li><li><a href=\"https:\/\/mayalatex.com\/certificaciones-mayalatex\/wp-content\/uploads\/2022\/08\/confettigt05.jpeg\" title=\"confettigt05\"><img loading=\"lazy\" decoding=\"async\" src=\"https:\/\/mayalatex.com\/certificaciones-mayalatex\/wp-content\/plugins\/justified-image-grid\/timthumb.php?src=https%3A%2F%2Fmayalatex.com%2Fcertificaciones-mayalatex%2Fwp-content%2Fuploads%2F2022%2F08%2Fconfettigt05.jpeg&amp;h=230&amp;q=90&amp;f=.jpeg\" alt=\"ConfettiGT\" width=\"172\" height=\"230\" \/><\/a><p class=\"jig-HTMLdescription\">ConfettiGT<br\/>confettigt05<\/p><\/li><li><a href=\"https:\/\/mayalatex.com\/certificaciones-mayalatex\/wp-content\/uploads\/2022\/08\/confettigt06.jpeg\" title=\"confettigt06\"><img loading=\"lazy\" decoding=\"async\" src=\"https:\/\/mayalatex.com\/certificaciones-mayalatex\/wp-content\/plugins\/justified-image-grid\/timthumb.php?src=https%3A%2F%2Fmayalatex.com%2Fcertificaciones-mayalatex%2Fwp-content%2Fuploads%2F2022%2F08%2Fconfettigt06.jpeg&amp;h=230&amp;q=90&amp;f=.jpeg\" alt=\"ConfettiGT\" width=\"179\" height=\"230\" \/><\/a><p class=\"jig-HTMLdescription\">ConfettiGT<br\/>confettigt06<\/p><\/li><li><a href=\"https:\/\/mayalatex.com\/certificaciones-mayalatex\/wp-content\/uploads\/2022\/08\/confettigt07.jpeg\" title=\"confettigt07\"><img loading=\"lazy\" decoding=\"async\" src=\"https:\/\/mayalatex.com\/certificaciones-mayalatex\/wp-content\/plugins\/justified-image-grid\/timthumb.php?src=https%3A%2F%2Fmayalatex.com%2Fcertificaciones-mayalatex%2Fwp-content%2Fuploads%2F2022%2F08%2Fconfettigt07.jpeg&amp;h=230&amp;q=90&amp;f=.jpeg\" alt=\"ConfettiGT\" width=\"172\" height=\"230\" \/><\/a><p class=\"jig-HTMLdescription\">ConfettiGT<br\/>confettigt07<\/p><\/li><\/ul><\/noscript><\/div>\t\t\t\t<\/div>\n\t\t\t\t<\/div>\n\t\t\t\t\t<\/div>\n\t\t<\/div>\n\t\t\t\t\t<\/div>\n\t\t<\/section>\n\t\t\t\t<\/div>\n\t\t","protected":false},"excerpt":{"rendered":"<p>Chimbombas Artes y Decoraciones Chimbombas Artes y Decoraciones Cristian D\u00edaz Hombre Globo Ilsy Paz Ilsy Paz Ilsy Paz Ilsy Paz Ilsy Paz Ilsy Paz Ilsy Paz Ilsy Paz Ilsy Paz Ilsy Paz Ilsy Paz Ilsy Paz Jaime Rodas Katia Baldiz\u00e1n Katia Baldiz\u00e1n Katia Baldiz\u00e1n Katia Baldiz\u00e1n Katia Baldiz\u00e1n Mar\u00eda Alejandra Escobar Oscar Largaespada Party Balloons [&hellip;]<\/p>\n","protected":false},"author":1,"featured_media":0,"parent":0,"menu_order":0,"comment_status":"closed","ping_status":"closed","template":"tpl-default-elementor.php","meta":{"footnotes":""},"class_list":["post-2772","page","type-page","status-publish","hentry"],"_links":{"self":[{"href":"https:\/\/mayalatex.com\/certificaciones-mayalatex\/wp-json\/wp\/v2\/pages\/2772","targetHints":{"allow":["GET"]}}],"collection":[{"href":"https:\/\/mayalatex.com\/certificaciones-mayalatex\/wp-json\/wp\/v2\/pages"}],"about":[{"href":"https:\/\/mayalatex.com\/certificaciones-mayalatex\/wp-json\/wp\/v2\/types\/page"}],"author":[{"embeddable":true,"href":"https:\/\/mayalatex.com\/certificaciones-mayalatex\/wp-json\/wp\/v2\/users\/1"}],"replies":[{"embeddable":true,"href":"https:\/\/mayalatex.com\/certificaciones-mayalatex\/wp-json\/wp\/v2\/comments?post=2772"}],"version-history":[{"count":1,"href":"https:\/\/mayalatex.com\/certificaciones-mayalatex\/wp-json\/wp\/v2\/pages\/2772\/revisions"}],"predecessor-version":[{"id":2816,"href":"https:\/\/mayalatex.com\/certificaciones-mayalatex\/wp-json\/wp\/v2\/pages\/2772\/revisions\/2816"}],"wp:attachment":[{"href":"https:\/\/mayalatex.com\/certificaciones-mayalatex\/wp-json\/wp\/v2\/media?parent=2772"}],"curies":[{"name":"wp","href":"https:\/\/api.w.org\/{rel}","templated":true}]}}